{"id":38,"date":"2025-11-19T23:26:56","date_gmt":"2025-11-19T23:26:56","guid":{"rendered":"https:\/\/handysupply.dk\/?page_id=38"},"modified":"2025-11-20T00:15:58","modified_gmt":"2025-11-20T00:15:58","slug":"38-2","status":"publish","type":"page","link":"https:\/\/handysupply.dk\/?page_id=38","title":{"rendered":"Om os"},"content":{"rendered":"\n<div class=\"wp-block-group alignfull has-global-padding is-content-justification-center is-layout-constrained wp-block-group-is-layout-constrained\" style=\"margin-top:0;margin-bottom:0\">\n<div style=\"height:var(--wp--preset--spacing--20)\" aria-hidden=\"true\" class=\"wp-block-spacer\"><\/div>\n\n\n\n<div class=\"wp-block-group alignwide is-layout-flow wp-block-group-is-layout-flow\">\n<div class=\"wp-block-columns alignwide are-vertically-aligned-top is-layout-flex wp-container-core-columns-is-layout-5c8fb865 wp-block-columns-is-layout-flex\">\n<div class=\"wp-block-column is-vertically-aligned-top has-global-padding is-content-justification-left is-layout-constrained wp-container-core-column-is-layout-95996b15 wp-block-column-is-layout-constrained\">\n<h2 class=\"wp-block-heading\">Om os<\/h2>\n<\/div>\n\n\n\n<div class=\"wp-block-column is-vertically-aligned-top is-layout-flow wp-block-column-is-layout-flow\" style=\"flex-basis:40%\">\n<p>Handy Supply I\/S er en dansk ejet import- og handelsvirksomhed, der specialiserer sig i kvalitetsarbejdshandsker til skarpe priser.<br>Vi st\u00e5r bag X-Grip \u2013 en serie arbejdshandsker designet til professionelle, der kr\u00e6ver fleksibilitet, komfort og funktionalitet i hverdagen.<\/p>\n\n\n\n<p>Vi importerer direkte fra producent til kunde, uden fordyrende mellemled. Det betyder, at vores kunder f\u00e5r adgang til grosistpriser \u2013 selv ved mindre m\u00e6ngder.<br>Hos os handler det om \u00e6rlige produkter, fair priser og hurtig levering.<\/p>\n\n\n\n<p>Vores m\u00e5l er enkelt:<br>At g\u00f8re det nemt og \u00f8konomisk for h\u00e5ndv\u00e6rkere, lagerfolk og produktionsvirksomheder at f\u00e5 det rigtige udstyr til arbejdet \u2013 uden at g\u00e5 p\u00e5 kompromis med kvalitet eller service.<\/p>\n\n\n\n<p>X-Grip er kun begyndelsen.<br>I takt med at vi vokser, udvider vi l\u00f8bende sortimentet med nye modeller og varianter, der matcher forskellige behov \u2013 fra tynde, fleksible handsker til kraftige vinter- og industrimodeller.<\/p>\n\n\n\n<div class=\"wp-block-buttons is-layout-flex wp-block-buttons-is-layout-flex\">\n<div class=\"wp-block-button\"><a class=\"wp-block-button__link wp-element-button\" href=\"https:\/\/handysupply.dk\/?page_id=35\">Kontakt os<\/a><\/div>\n<\/div>\n<\/div>\n<\/div>\n\n\n\n<div style=\"height:var(--wp--preset--spacing--20)\" aria-hidden=\"true\" class=\"wp-block-spacer\"><\/div>\n<\/div>\n\n\n\n<figure class=\"wp-block-image size-large\"><img loading=\"lazy\" decoding=\"async\" width=\"1024\" height=\"1024\" src=\"https:\/\/handysupply.dk\/wp-content\/uploads\/2025\/11\/PHOTO-2025-11-19-19-46-09-6-1024x1024.jpg\" alt=\"\" class=\"wp-image-39\" srcset=\"https:\/\/handysupply.dk\/wp-content\/uploads\/2025\/11\/PHOTO-2025-11-19-19-46-09-6-1024x1024.jpg 1024w, https:\/\/handysupply.dk\/wp-content\/uploads\/2025\/11\/PHOTO-2025-11-19-19-46-09-6-300x300.jpg 300w, https:\/\/handysupply.dk\/wp-content\/uploads\/2025\/11\/PHOTO-2025-11-19-19-46-09-6-150x150.jpg 150w, https:\/\/handysupply.dk\/wp-content\/uploads\/2025\/11\/PHOTO-2025-11-19-19-46-09-6-768x768.jpg 768w, https:\/\/handysupply.dk\/wp-content\/uploads\/2025\/11\/PHOTO-2025-11-19-19-46-09-6.jpg 1200w\" sizes=\"auto, (max-width: 1024px) 100vw, 1024px\" \/><\/figure>\n\n\n\n<div style=\"height:var(--wp--preset--spacing--20)\" aria-hidden=\"true\" class=\"wp-block-spacer\"><\/div>\n<\/div>\n","protected":false},"excerpt":{"rendered":"<p>Om os Handy Supply I\/S er en dansk ejet import- og handelsvirksomhed, der specialiserer sig i kvalitetsarbejdshandsker til skarpe priser.Vi st\u00e5r bag X-Grip \u2013 en serie arbejdshandsker designet til professionelle, der kr\u00e6ver fleksibilitet, komfort og funktionalitet i hverdagen. Vi importerer direkte fra producent til kunde, uden fordyrende mellemled. Det betyder, at vores kunder f\u00e5r adgang &hellip; <\/p>\n<p class=\"link-more\"><a href=\"https:\/\/handysupply.dk\/?page_id=38\" class=\"more-link\">L\u00e6s mere<span class=\"screen-reader-text\"> \u201cOm os\u201d<\/span><\/a><\/p>\n","protected":false},"author":1,"featured_media":0,"parent":0,"menu_order":0,"comment_status":"closed","ping_status":"closed","template":"","meta":{"footnotes":""},"class_list":["post-38","page","type-page","status-publish","hentry"],"yoast_head":"<!-- This site is optimized with the Yoast SEO plugin v26.8 - https:\/\/yoast.com\/product\/yoast-seo-wordpress\/ -->\n<title>Om os - HandySupply<\/title>\n<meta name=\"robots\" content=\"noindex, follow, max-snippet:-1, max-image-preview:large, max-video-preview:-1\" \/>\n<meta property=\"og:locale\" content=\"da_DK\" \/>\n<meta property=\"og:type\" content=\"article\" \/>\n<meta property=\"og:title\" content=\"Om os - HandySupply\" \/>\n<meta property=\"og:description\" content=\"Om os Handy Supply I\/S er en dansk ejet import- og handelsvirksomhed, der specialiserer sig i kvalitetsarbejdshandsker til skarpe priser.Vi st\u00e5r bag X-Grip \u2013 en serie arbejdshandsker designet til professionelle, der kr\u00e6ver fleksibilitet, komfort og funktionalitet i hverdagen. Vi importerer direkte fra producent til kunde, uden fordyrende mellemled. Det betyder, at vores kunder f\u00e5r adgang &hellip; L\u00e6s mere \u201cOm os\u201d\" \/>\n<meta property=\"og:url\" content=\"https:\/\/handysupply.dk\/?page_id=38\" \/>\n<meta property=\"og:site_name\" content=\"HandySupply\" \/>\n<meta property=\"article:modified_time\" content=\"2025-11-20T00:15:58+00:00\" \/>\n<meta property=\"og:image\" content=\"https:\/\/handysupply.dk\/wp-content\/uploads\/2025\/11\/PHOTO-2025-11-19-19-46-09-6.jpg\" \/>\n\t<meta property=\"og:image:width\" content=\"1200\" \/>\n\t<meta property=\"og:image:height\" content=\"1200\" \/>\n\t<meta property=\"og:image:type\" content=\"image\/jpeg\" \/>\n<meta name=\"twitter:card\" content=\"summary_large_image\" \/>\n<meta name=\"twitter:label1\" content=\"Estimeret l\u00e6setid\" \/>\n\t<meta name=\"twitter:data1\" content=\"1 minut\" \/>\n<script type=\"application\/ld+json\" class=\"yoast-schema-graph\">{\"@context\":\"https:\/\/schema.org\",\"@graph\":[{\"@type\":\"WebPage\",\"@id\":\"https:\/\/handysupply.dk\/?page_id=38\",\"url\":\"https:\/\/handysupply.dk\/?page_id=38\",\"name\":\"Om os - HandySupply\",\"isPartOf\":{\"@id\":\"https:\/\/handysupply.dk\/#website\"},\"primaryImageOfPage\":{\"@id\":\"https:\/\/handysupply.dk\/?page_id=38#primaryimage\"},\"image\":{\"@id\":\"https:\/\/handysupply.dk\/?page_id=38#primaryimage\"},\"thumbnailUrl\":\"https:\/\/handysupply.dk\/wp-content\/uploads\/2025\/11\/PHOTO-2025-11-19-19-46-09-6-1024x1024.jpg\",\"datePublished\":\"2025-11-19T23:26:56+00:00\",\"dateModified\":\"2025-11-20T00:15:58+00:00\",\"breadcrumb\":{\"@id\":\"https:\/\/handysupply.dk\/?page_id=38#breadcrumb\"},\"inLanguage\":\"da-DK\",\"potentialAction\":[{\"@type\":\"ReadAction\",\"target\":[\"https:\/\/handysupply.dk\/?page_id=38\"]}]},{\"@type\":\"ImageObject\",\"inLanguage\":\"da-DK\",\"@id\":\"https:\/\/handysupply.dk\/?page_id=38#primaryimage\",\"url\":\"https:\/\/handysupply.dk\/wp-content\/uploads\/2025\/11\/PHOTO-2025-11-19-19-46-09-6.jpg\",\"contentUrl\":\"https:\/\/handysupply.dk\/wp-content\/uploads\/2025\/11\/PHOTO-2025-11-19-19-46-09-6.jpg\",\"width\":1200,\"height\":1200},{\"@type\":\"BreadcrumbList\",\"@id\":\"https:\/\/handysupply.dk\/?page_id=38#breadcrumb\",\"itemListElement\":[{\"@type\":\"ListItem\",\"position\":1,\"name\":\"Hjem\",\"item\":\"https:\/\/handysupply.dk\/\"},{\"@type\":\"ListItem\",\"position\":2,\"name\":\"Om os\"}]},{\"@type\":\"WebSite\",\"@id\":\"https:\/\/handysupply.dk\/#website\",\"url\":\"https:\/\/handysupply.dk\/\",\"name\":\"HandySupply\",\"description\":\"\",\"publisher\":{\"@id\":\"https:\/\/handysupply.dk\/#organization\"},\"potentialAction\":[{\"@type\":\"SearchAction\",\"target\":{\"@type\":\"EntryPoint\",\"urlTemplate\":\"https:\/\/handysupply.dk\/?s={search_term_string}\"},\"query-input\":{\"@type\":\"PropertyValueSpecification\",\"valueRequired\":true,\"valueName\":\"search_term_string\"}}],\"inLanguage\":\"da-DK\"},{\"@type\":\"Organization\",\"@id\":\"https:\/\/handysupply.dk\/#organization\",\"name\":\"HandySupply\",\"url\":\"https:\/\/handysupply.dk\/\",\"logo\":{\"@type\":\"ImageObject\",\"inLanguage\":\"da-DK\",\"@id\":\"https:\/\/handysupply.dk\/#\/schema\/logo\/image\/\",\"url\":\"https:\/\/handysupply.dk\/wp-content\/uploads\/2025\/11\/cropped-PHOTO-2025-11-19-19-46-09-3.jpg\",\"contentUrl\":\"https:\/\/handysupply.dk\/wp-content\/uploads\/2025\/11\/cropped-PHOTO-2025-11-19-19-46-09-3.jpg\",\"width\":1200,\"height\":400,\"caption\":\"HandySupply\"},\"image\":{\"@id\":\"https:\/\/handysupply.dk\/#\/schema\/logo\/image\/\"}}]}<\/script>\n<!-- \/ Yoast SEO plugin. -->","yoast_head_json":{"title":"Om os - HandySupply","robots":{"index":"noindex","follow":"follow","max-snippet":"max-snippet:-1","max-image-preview":"max-image-preview:large","max-video-preview":"max-video-preview:-1"},"og_locale":"da_DK","og_type":"article","og_title":"Om os - HandySupply","og_description":"Om os Handy Supply I\/S er en dansk ejet import- og handelsvirksomhed, der specialiserer sig i kvalitetsarbejdshandsker til skarpe priser.Vi st\u00e5r bag X-Grip \u2013 en serie arbejdshandsker designet til professionelle, der kr\u00e6ver fleksibilitet, komfort og funktionalitet i hverdagen. Vi importerer direkte fra producent til kunde, uden fordyrende mellemled. Det betyder, at vores kunder f\u00e5r adgang &hellip; L\u00e6s mere \u201cOm os\u201d","og_url":"https:\/\/handysupply.dk\/?page_id=38","og_site_name":"HandySupply","article_modified_time":"2025-11-20T00:15:58+00:00","og_image":[{"width":1200,"height":1200,"url":"https:\/\/handysupply.dk\/wp-content\/uploads\/2025\/11\/PHOTO-2025-11-19-19-46-09-6.jpg","type":"image\/jpeg"}],"twitter_card":"summary_large_image","twitter_misc":{"Estimeret l\u00e6setid":"1 minut"},"schema":{"@context":"https:\/\/schema.org","@graph":[{"@type":"WebPage","@id":"https:\/\/handysupply.dk\/?page_id=38","url":"https:\/\/handysupply.dk\/?page_id=38","name":"Om os - HandySupply","isPartOf":{"@id":"https:\/\/handysupply.dk\/#website"},"primaryImageOfPage":{"@id":"https:\/\/handysupply.dk\/?page_id=38#primaryimage"},"image":{"@id":"https:\/\/handysupply.dk\/?page_id=38#primaryimage"},"thumbnailUrl":"https:\/\/handysupply.dk\/wp-content\/uploads\/2025\/11\/PHOTO-2025-11-19-19-46-09-6-1024x1024.jpg","datePublished":"2025-11-19T23:26:56+00:00","dateModified":"2025-11-20T00:15:58+00:00","breadcrumb":{"@id":"https:\/\/handysupply.dk\/?page_id=38#breadcrumb"},"inLanguage":"da-DK","potentialAction":[{"@type":"ReadAction","target":["https:\/\/handysupply.dk\/?page_id=38"]}]},{"@type":"ImageObject","inLanguage":"da-DK","@id":"https:\/\/handysupply.dk\/?page_id=38#primaryimage","url":"https:\/\/handysupply.dk\/wp-content\/uploads\/2025\/11\/PHOTO-2025-11-19-19-46-09-6.jpg","contentUrl":"https:\/\/handysupply.dk\/wp-content\/uploads\/2025\/11\/PHOTO-2025-11-19-19-46-09-6.jpg","width":1200,"height":1200},{"@type":"BreadcrumbList","@id":"https:\/\/handysupply.dk\/?page_id=38#breadcrumb","itemListElement":[{"@type":"ListItem","position":1,"name":"Hjem","item":"https:\/\/handysupply.dk\/"},{"@type":"ListItem","position":2,"name":"Om os"}]},{"@type":"WebSite","@id":"https:\/\/handysupply.dk\/#website","url":"https:\/\/handysupply.dk\/","name":"HandySupply","description":"","publisher":{"@id":"https:\/\/handysupply.dk\/#organization"},"potentialAction":[{"@type":"SearchAction","target":{"@type":"EntryPoint","urlTemplate":"https:\/\/handysupply.dk\/?s={search_term_string}"},"query-input":{"@type":"PropertyValueSpecification","valueRequired":true,"valueName":"search_term_string"}}],"inLanguage":"da-DK"},{"@type":"Organization","@id":"https:\/\/handysupply.dk\/#organization","name":"HandySupply","url":"https:\/\/handysupply.dk\/","logo":{"@type":"ImageObject","inLanguage":"da-DK","@id":"https:\/\/handysupply.dk\/#\/schema\/logo\/image\/","url":"https:\/\/handysupply.dk\/wp-content\/uploads\/2025\/11\/cropped-PHOTO-2025-11-19-19-46-09-3.jpg","contentUrl":"https:\/\/handysupply.dk\/wp-content\/uploads\/2025\/11\/cropped-PHOTO-2025-11-19-19-46-09-3.jpg","width":1200,"height":400,"caption":"HandySupply"},"image":{"@id":"https:\/\/handysupply.dk\/#\/schema\/logo\/image\/"}}]}},"jetpack_sharing_enabled":true,"featured_media_urls":[],"_links":{"self":[{"href":"https:\/\/handysupply.dk\/index.php?rest_route=\/wp\/v2\/pages\/38","targetHints":{"allow":["GET"]}}],"collection":[{"href":"https:\/\/handysupply.dk\/index.php?rest_route=\/wp\/v2\/pages"}],"about":[{"href":"https:\/\/handysupply.dk\/index.php?rest_route=\/wp\/v2\/types\/page"}],"author":[{"embeddable":true,"href":"https:\/\/handysupply.dk\/index.php?rest_route=\/wp\/v2\/users\/1"}],"replies":[{"embeddable":true,"href":"https:\/\/handysupply.dk\/index.php?rest_route=%2Fwp%2Fv2%2Fcomments&post=38"}],"version-history":[{"count":4,"href":"https:\/\/handysupply.dk\/index.php?rest_route=\/wp\/v2\/pages\/38\/revisions"}],"predecessor-version":[{"id":69,"href":"https:\/\/handysupply.dk\/index.php?rest_route=\/wp\/v2\/pages\/38\/revisions\/69"}],"wp:attachment":[{"href":"https:\/\/handysupply.dk\/index.php?rest_route=%2Fwp%2Fv2%2Fmedia&parent=38"}],"curies":[{"name":"wp","href":"https:\/\/api.w.org\/{rel}","templated":true}]}}