{"id":45,"date":"2025-11-19T23:48:56","date_gmt":"2025-11-19T23:48:56","guid":{"rendered":"https:\/\/handysupply.dk\/?page_id=45"},"modified":"2026-02-02T11:12:42","modified_gmt":"2026-02-02T11:12:42","slug":"produkter","status":"publish","type":"page","link":"https:\/\/handysupply.dk\/?page_id=45","title":{"rendered":"Produkter"},"content":{"rendered":"\n<div class=\"wp-block-columns alignfull is-layout-flex wp-container-core-columns-is-layout-28f84493 wp-block-columns-is-layout-flex\">\n<div class=\"wp-block-column is-layout-flow wp-block-column-is-layout-flow\" style=\"flex-basis:50%\">\n<figure class=\"wp-block-image size-large\"><img loading=\"lazy\" decoding=\"async\" width=\"1015\" height=\"1024\" src=\"https:\/\/handysupply.dk\/wp-content\/uploads\/2025\/11\/Skaermbillede-2025-11-20-kl.-00.44.57-1-1015x1024.png\" alt=\"\" class=\"wp-image-51\" srcset=\"https:\/\/handysupply.dk\/wp-content\/uploads\/2025\/11\/Skaermbillede-2025-11-20-kl.-00.44.57-1-1015x1024.png 1015w, https:\/\/handysupply.dk\/wp-content\/uploads\/2025\/11\/Skaermbillede-2025-11-20-kl.-00.44.57-1-297x300.png 297w, https:\/\/handysupply.dk\/wp-content\/uploads\/2025\/11\/Skaermbillede-2025-11-20-kl.-00.44.57-1-150x150.png 150w, https:\/\/handysupply.dk\/wp-content\/uploads\/2025\/11\/Skaermbillede-2025-11-20-kl.-00.44.57-1-768x775.png 768w, https:\/\/handysupply.dk\/wp-content\/uploads\/2025\/11\/Skaermbillede-2025-11-20-kl.-00.44.57-1-1523x1536.png 1523w, https:\/\/handysupply.dk\/wp-content\/uploads\/2025\/11\/Skaermbillede-2025-11-20-kl.-00.44.57-1.png 1590w\" sizes=\"auto, (max-width: 1015px) 100vw, 1015px\" \/><\/figure>\n<\/div>\n\n\n\n<div class=\"wp-block-column is-vertically-aligned-center is-layout-flow wp-block-column-is-layout-flow\" style=\"padding-top:1em;padding-right:1em;padding-bottom:1em;padding-left:1em\">\n<div class=\"wp-block-columns is-layout-flex wp-container-core-columns-is-layout-28f84493 wp-block-columns-is-layout-flex\">\n<div class=\"wp-block-column is-layout-flow wp-block-column-is-layout-flow\" style=\"flex-basis:320px\">\n<p><\/p>\n\n\n\n<p class=\"has-small-font-size\" style=\"line-height:1.6\">Vores <strong>Grip-X arbejdshandsker<\/strong> er udviklet til professionelle, der har brug for et sikkert greb, h\u00f8j komfort og god holdbarhed \u2013 uden at betale overpris.<\/p>\n\n\n\n<p class=\"has-small-font-size\" style=\"line-height:1.6\">Du f\u00e5r en kvalitetshandske, der egner sig perfekt til h\u00e5ndv\u00e6rk, lager, produktion og generelt dagligt arbejde.<\/p>\n\n\n\n<p class=\"has-small-font-size\" style=\"line-height:1.6\">Vi har Grip-X handsker i alle st\u00f8rrelser, s\u00e5 du kan finde den model, der passer pr\u00e6cist dit behov.<\/p>\n\n\n\n<p class=\"has-small-font-size\" style=\"line-height:1.6\">Vores handsker er af PU-bel\u00e6gning, og er EN388 og EN21420 certificeret og CE godkendt.<\/p>\n\n\n\n<p><\/p>\n<\/div>\n<\/div>\n<\/div>\n<\/div>\n\n\n\n<div class=\"wp-block-columns is-layout-flex wp-container-core-columns-is-layout-28f84493 wp-block-columns-is-layout-flex\">\n<div class=\"wp-block-column is-layout-flow wp-block-column-is-layout-flow\">\n<p><\/p>\n\n\n\n<p>\u00d8nsker du at bestille eller h\u00f8re mere?<\/p>\n\n\n\n<p><strong>Kontakt os p\u00e5: Kontakt@handysupply.dk<\/strong><\/p>\n\n\n\n<p class=\"has-small-font-size\" style=\"line-height:1.6\">Vi svarer hurtigt og giver altid en skarp pris \u2013 ogs\u00e5 ved mindre m\u00e6ngder.<\/p>\n<\/div>\n\n\n\n<div class=\"wp-block-column is-layout-flow wp-block-column-is-layout-flow\">\n<figure class=\"wp-block-image size-large\"><img loading=\"lazy\" decoding=\"async\" width=\"1024\" height=\"713\" src=\"https:\/\/handysupply.dk\/wp-content\/uploads\/2025\/11\/IMG_10DC8973A0E4-1-1-1024x713.jpeg\" alt=\"\" class=\"wp-image-49\" srcset=\"https:\/\/handysupply.dk\/wp-content\/uploads\/2025\/11\/IMG_10DC8973A0E4-1-1-1024x713.jpeg 1024w, https:\/\/handysupply.dk\/wp-content\/uploads\/2025\/11\/IMG_10DC8973A0E4-1-1-300x209.jpeg 300w, https:\/\/handysupply.dk\/wp-content\/uploads\/2025\/11\/IMG_10DC8973A0E4-1-1-768x535.jpeg 768w, https:\/\/handysupply.dk\/wp-content\/uploads\/2025\/11\/IMG_10DC8973A0E4-1-1.jpeg 1290w\" sizes=\"auto, (max-width: 1024px) 100vw, 1024px\" \/><\/figure>\n<\/div>\n\n\n\n<div class=\"wp-block-column is-layout-flow wp-block-column-is-layout-flow\" style=\"flex-basis:10%\"><\/div>\n<\/div>\n","protected":false},"excerpt":{"rendered":"<p>Vores Grip-X arbejdshandsker er udviklet til professionelle, der har brug for et sikkert greb, h\u00f8j komfort og god holdbarhed \u2013 uden at betale overpris. Du f\u00e5r en kvalitetshandske, der egner sig perfekt til h\u00e5ndv\u00e6rk, lager, produktion og generelt dagligt arbejde. Vi har Grip-X handsker i alle st\u00f8rrelser, s\u00e5 du kan finde den model, der passer &hellip; <\/p>\n<p class=\"link-more\"><a href=\"https:\/\/handysupply.dk\/?page_id=45\" class=\"more-link\">L\u00e6s mere<span class=\"screen-reader-text\"> \u201cProdukter\u201d<\/span><\/a><\/p>\n","protected":false},"author":1,"featured_media":0,"parent":0,"menu_order":0,"comment_status":"closed","ping_status":"closed","template":"","meta":{"footnotes":""},"class_list":["post-45","page","type-page","status-publish","hentry"],"yoast_head":"<!-- This site is optimized with the Yoast SEO plugin v26.8 - https:\/\/yoast.com\/product\/yoast-seo-wordpress\/ -->\n<title>Produkter - HandySupply<\/title>\n<meta name=\"robots\" content=\"noindex, follow, max-snippet:-1, max-image-preview:large, max-video-preview:-1\" \/>\n<meta property=\"og:locale\" content=\"da_DK\" \/>\n<meta property=\"og:type\" content=\"article\" \/>\n<meta property=\"og:title\" content=\"Produkter - HandySupply\" \/>\n<meta property=\"og:description\" content=\"Vores Grip-X arbejdshandsker er udviklet til professionelle, der har brug for et sikkert greb, h\u00f8j komfort og god holdbarhed \u2013 uden at betale overpris. Du f\u00e5r en kvalitetshandske, der egner sig perfekt til h\u00e5ndv\u00e6rk, lager, produktion og generelt dagligt arbejde. Vi har Grip-X handsker i alle st\u00f8rrelser, s\u00e5 du kan finde den model, der passer &hellip; L\u00e6s mere \u201cProdukter\u201d\" \/>\n<meta property=\"og:url\" content=\"https:\/\/handysupply.dk\/?page_id=45\" \/>\n<meta property=\"og:site_name\" content=\"HandySupply\" \/>\n<meta property=\"article:modified_time\" content=\"2026-02-02T11:12:42+00:00\" \/>\n<meta property=\"og:image\" content=\"https:\/\/handysupply.dk\/wp-content\/uploads\/2025\/11\/Skaermbillede-2025-11-20-kl.-00.44.57-1-1015x1024.png\" \/>\n\t<meta property=\"og:image:width\" content=\"1015\" \/>\n\t<meta property=\"og:image:height\" content=\"1024\" \/>\n\t<meta property=\"og:image:type\" content=\"image\/png\" \/>\n<meta name=\"twitter:card\" content=\"summary_large_image\" \/>\n<script type=\"application\/ld+json\" class=\"yoast-schema-graph\">{\"@context\":\"https:\/\/schema.org\",\"@graph\":[{\"@type\":\"WebPage\",\"@id\":\"https:\/\/handysupply.dk\/?page_id=45\",\"url\":\"https:\/\/handysupply.dk\/?page_id=45\",\"name\":\"Produkter - HandySupply\",\"isPartOf\":{\"@id\":\"https:\/\/handysupply.dk\/#website\"},\"primaryImageOfPage\":{\"@id\":\"https:\/\/handysupply.dk\/?page_id=45#primaryimage\"},\"image\":{\"@id\":\"https:\/\/handysupply.dk\/?page_id=45#primaryimage\"},\"thumbnailUrl\":\"https:\/\/handysupply.dk\/wp-content\/uploads\/2025\/11\/Skaermbillede-2025-11-20-kl.-00.44.57-1-1015x1024.png\",\"datePublished\":\"2025-11-19T23:48:56+00:00\",\"dateModified\":\"2026-02-02T11:12:42+00:00\",\"breadcrumb\":{\"@id\":\"https:\/\/handysupply.dk\/?page_id=45#breadcrumb\"},\"inLanguage\":\"da-DK\",\"potentialAction\":[{\"@type\":\"ReadAction\",\"target\":[\"https:\/\/handysupply.dk\/?page_id=45\"]}]},{\"@type\":\"ImageObject\",\"inLanguage\":\"da-DK\",\"@id\":\"https:\/\/handysupply.dk\/?page_id=45#primaryimage\",\"url\":\"https:\/\/handysupply.dk\/wp-content\/uploads\/2025\/11\/Skaermbillede-2025-11-20-kl.-00.44.57-1.png\",\"contentUrl\":\"https:\/\/handysupply.dk\/wp-content\/uploads\/2025\/11\/Skaermbillede-2025-11-20-kl.-00.44.57-1.png\",\"width\":1590,\"height\":1604},{\"@type\":\"BreadcrumbList\",\"@id\":\"https:\/\/handysupply.dk\/?page_id=45#breadcrumb\",\"itemListElement\":[{\"@type\":\"ListItem\",\"position\":1,\"name\":\"Hjem\",\"item\":\"https:\/\/handysupply.dk\/\"},{\"@type\":\"ListItem\",\"position\":2,\"name\":\"Produkter\"}]},{\"@type\":\"WebSite\",\"@id\":\"https:\/\/handysupply.dk\/#website\",\"url\":\"https:\/\/handysupply.dk\/\",\"name\":\"HandySupply\",\"description\":\"\",\"publisher\":{\"@id\":\"https:\/\/handysupply.dk\/#organization\"},\"potentialAction\":[{\"@type\":\"SearchAction\",\"target\":{\"@type\":\"EntryPoint\",\"urlTemplate\":\"https:\/\/handysupply.dk\/?s={search_term_string}\"},\"query-input\":{\"@type\":\"PropertyValueSpecification\",\"valueRequired\":true,\"valueName\":\"search_term_string\"}}],\"inLanguage\":\"da-DK\"},{\"@type\":\"Organization\",\"@id\":\"https:\/\/handysupply.dk\/#organization\",\"name\":\"HandySupply\",\"url\":\"https:\/\/handysupply.dk\/\",\"logo\":{\"@type\":\"ImageObject\",\"inLanguage\":\"da-DK\",\"@id\":\"https:\/\/handysupply.dk\/#\/schema\/logo\/image\/\",\"url\":\"https:\/\/handysupply.dk\/wp-content\/uploads\/2025\/11\/cropped-PHOTO-2025-11-19-19-46-09-3.jpg\",\"contentUrl\":\"https:\/\/handysupply.dk\/wp-content\/uploads\/2025\/11\/cropped-PHOTO-2025-11-19-19-46-09-3.jpg\",\"width\":1200,\"height\":400,\"caption\":\"HandySupply\"},\"image\":{\"@id\":\"https:\/\/handysupply.dk\/#\/schema\/logo\/image\/\"}}]}<\/script>\n<!-- \/ Yoast SEO plugin. -->","yoast_head_json":{"title":"Produkter - HandySupply","robots":{"index":"noindex","follow":"follow","max-snippet":"max-snippet:-1","max-image-preview":"max-image-preview:large","max-video-preview":"max-video-preview:-1"},"og_locale":"da_DK","og_type":"article","og_title":"Produkter - HandySupply","og_description":"Vores Grip-X arbejdshandsker er udviklet til professionelle, der har brug for et sikkert greb, h\u00f8j komfort og god holdbarhed \u2013 uden at betale overpris. Du f\u00e5r en kvalitetshandske, der egner sig perfekt til h\u00e5ndv\u00e6rk, lager, produktion og generelt dagligt arbejde. Vi har Grip-X handsker i alle st\u00f8rrelser, s\u00e5 du kan finde den model, der passer &hellip; L\u00e6s mere \u201cProdukter\u201d","og_url":"https:\/\/handysupply.dk\/?page_id=45","og_site_name":"HandySupply","article_modified_time":"2026-02-02T11:12:42+00:00","og_image":[{"width":1015,"height":1024,"url":"https:\/\/handysupply.dk\/wp-content\/uploads\/2025\/11\/Skaermbillede-2025-11-20-kl.-00.44.57-1-1015x1024.png","type":"image\/png"}],"twitter_card":"summary_large_image","schema":{"@context":"https:\/\/schema.org","@graph":[{"@type":"WebPage","@id":"https:\/\/handysupply.dk\/?page_id=45","url":"https:\/\/handysupply.dk\/?page_id=45","name":"Produkter - HandySupply","isPartOf":{"@id":"https:\/\/handysupply.dk\/#website"},"primaryImageOfPage":{"@id":"https:\/\/handysupply.dk\/?page_id=45#primaryimage"},"image":{"@id":"https:\/\/handysupply.dk\/?page_id=45#primaryimage"},"thumbnailUrl":"https:\/\/handysupply.dk\/wp-content\/uploads\/2025\/11\/Skaermbillede-2025-11-20-kl.-00.44.57-1-1015x1024.png","datePublished":"2025-11-19T23:48:56+00:00","dateModified":"2026-02-02T11:12:42+00:00","breadcrumb":{"@id":"https:\/\/handysupply.dk\/?page_id=45#breadcrumb"},"inLanguage":"da-DK","potentialAction":[{"@type":"ReadAction","target":["https:\/\/handysupply.dk\/?page_id=45"]}]},{"@type":"ImageObject","inLanguage":"da-DK","@id":"https:\/\/handysupply.dk\/?page_id=45#primaryimage","url":"https:\/\/handysupply.dk\/wp-content\/uploads\/2025\/11\/Skaermbillede-2025-11-20-kl.-00.44.57-1.png","contentUrl":"https:\/\/handysupply.dk\/wp-content\/uploads\/2025\/11\/Skaermbillede-2025-11-20-kl.-00.44.57-1.png","width":1590,"height":1604},{"@type":"BreadcrumbList","@id":"https:\/\/handysupply.dk\/?page_id=45#breadcrumb","itemListElement":[{"@type":"ListItem","position":1,"name":"Hjem","item":"https:\/\/handysupply.dk\/"},{"@type":"ListItem","position":2,"name":"Produkter"}]},{"@type":"WebSite","@id":"https:\/\/handysupply.dk\/#website","url":"https:\/\/handysupply.dk\/","name":"HandySupply","description":"","publisher":{"@id":"https:\/\/handysupply.dk\/#organization"},"potentialAction":[{"@type":"SearchAction","target":{"@type":"EntryPoint","urlTemplate":"https:\/\/handysupply.dk\/?s={search_term_string}"},"query-input":{"@type":"PropertyValueSpecification","valueRequired":true,"valueName":"search_term_string"}}],"inLanguage":"da-DK"},{"@type":"Organization","@id":"https:\/\/handysupply.dk\/#organization","name":"HandySupply","url":"https:\/\/handysupply.dk\/","logo":{"@type":"ImageObject","inLanguage":"da-DK","@id":"https:\/\/handysupply.dk\/#\/schema\/logo\/image\/","url":"https:\/\/handysupply.dk\/wp-content\/uploads\/2025\/11\/cropped-PHOTO-2025-11-19-19-46-09-3.jpg","contentUrl":"https:\/\/handysupply.dk\/wp-content\/uploads\/2025\/11\/cropped-PHOTO-2025-11-19-19-46-09-3.jpg","width":1200,"height":400,"caption":"HandySupply"},"image":{"@id":"https:\/\/handysupply.dk\/#\/schema\/logo\/image\/"}}]}},"jetpack_sharing_enabled":true,"featured_media_urls":[],"_links":{"self":[{"href":"https:\/\/handysupply.dk\/index.php?rest_route=\/wp\/v2\/pages\/45","targetHints":{"allow":["GET"]}}],"collection":[{"href":"https:\/\/handysupply.dk\/index.php?rest_route=\/wp\/v2\/pages"}],"about":[{"href":"https:\/\/handysupply.dk\/index.php?rest_route=\/wp\/v2\/types\/page"}],"author":[{"embeddable":true,"href":"https:\/\/handysupply.dk\/index.php?rest_route=\/wp\/v2\/users\/1"}],"replies":[{"embeddable":true,"href":"https:\/\/handysupply.dk\/index.php?rest_route=%2Fwp%2Fv2%2Fcomments&post=45"}],"version-history":[{"count":5,"href":"https:\/\/handysupply.dk\/index.php?rest_route=\/wp\/v2\/pages\/45\/revisions"}],"predecessor-version":[{"id":7016,"href":"https:\/\/handysupply.dk\/index.php?rest_route=\/wp\/v2\/pages\/45\/revisions\/7016"}],"wp:attachment":[{"href":"https:\/\/handysupply.dk\/index.php?rest_route=%2Fwp%2Fv2%2Fmedia&parent=45"}],"curies":[{"name":"wp","href":"https:\/\/api.w.org\/{rel}","templated":true}]}}