{"id":7002,"date":"2026-01-28T13:47:47","date_gmt":"2026-01-28T13:47:47","guid":{"rendered":"https:\/\/handysupply.dk\/?page_id=7002"},"modified":"2026-01-28T13:51:09","modified_gmt":"2026-01-28T13:51:09","slug":"handelsbetingelser","status":"publish","type":"page","link":"https:\/\/handysupply.dk\/?page_id=7002","title":{"rendered":"Handelsbetingelser"},"content":{"rendered":"\n<p><strong>Du handler med<\/strong>:<\/p>\n\n\n\n<p>HandySupply I\/S<br>CVR:&nbsp;45677109<br>Tjelevej 29, 9240 Nibe<br>Mail: kontakt@handysupply.dk<br>Tlf: +45&nbsp;51 91 91 33<\/p>\n\n\n\n<h2 class=\"wp-block-heading\"><strong>Generelle betingelser for handel med os<\/strong><\/h2>\n\n\n\n<p>Det&nbsp;kr\u00e6ver et gyldigt dansk CVR-nr. at handle p\u00e5 handysupply.dk<\/p>\n\n\n\n<p>N\u00e5r man har afgivet en bestilling hos HandySupply, sender vi automatisk en e-mail med en ordrebekr\u00e6ftelse. K\u00f8ber bedes altid tjekke denne efter for eventuelle fejl eller mangler, og give besked til HandySupply hurtigst muligt.<\/p>\n\n\n\n<h2 class=\"wp-block-heading\"><strong>Forsendelse og priser<\/strong><\/h2>\n\n\n\n<p>Alle priser er i danske kroner og ekskl. moms (25%).&nbsp;<\/p>\n\n\n\n<p>Fragten beregnes af ordrens st\u00f8rrelse, prisen heraf vil fremg\u00e5 i tilbuddet.<\/p>\n\n\n\n<p>HandySupply leverer kun til adresser i Danmark.&nbsp;<\/p>\n\n\n\n<p>Forsendelse sker via Postnord, GLS, Danske Fragtm\u00e6nd, eller DSV. HandySupply v\u00e6lger selv, hvilken spedit\u00f8r der benyttes til den enkelte ordre.<\/p>\n\n\n\n<p>Ved modtagelse af varer fra HandySupply bedes k\u00f8ber kontrollere pakkens indhold. Er pakken og\/eller indholdet beskadiget, skal dette anmeldes til HandySupply hurtigst muligt, dog senest 7 dage efter modtagelsen.<\/p>\n\n\n\n<h2 class=\"wp-block-heading\"><strong>Leveringstid<\/strong><\/h2>\n\n\n\n<p>Leveringstiden afh\u00e6nger af ordren, og vil fremg\u00e5 i ordrebekr\u00e6ftelsen.<\/p>\n\n\n\n<h2 class=\"wp-block-heading\"><strong>Betaling<\/strong><\/h2>\n\n\n\n<p>Hos HandySupply foreg\u00e5r betaling via faktura. Alle fakturaer er med 10 dage netto, medmindre andet er aftalt individuelt. HandySupply forbeholder sig retten til at kreditvurdere vores kunder, og kr\u00e6ve forudbetaling hvis det vurderes, at der kan v\u00e6re en risiko for, at k\u00f8ber ikke betaler.<\/p>\n\n\n\n<h2 class=\"wp-block-heading\"><strong>K\u00f8bers misligholdelse<\/strong><\/h2>\n\n\n\n<p>S\u00e5fremt betaling ikke falder p\u00e5 forfaldsdatoen, vil der opkr\u00e6ves morarenter i henhold til rentelovens regler pr. p\u00e5begyndt m\u00e5ned.<\/p>\n","protected":false},"excerpt":{"rendered":"<p>Du handler med: HandySupply I\/SCVR:&nbsp;45677109Tjelevej 29, 9240 NibeMail: kontakt@handysupply.dkTlf: +45&nbsp;51 91 91 33 Generelle betingelser for handel med os Det&nbsp;kr\u00e6ver et gyldigt dansk CVR-nr. at handle p\u00e5 handysupply.dk N\u00e5r man har afgivet en bestilling hos HandySupply, sender vi automatisk en e-mail med en ordrebekr\u00e6ftelse. K\u00f8ber bedes altid tjekke denne efter for eventuelle fejl eller mangler, &hellip; <\/p>\n<p class=\"link-more\"><a href=\"https:\/\/handysupply.dk\/?page_id=7002\" class=\"more-link\">L\u00e6s mere<span class=\"screen-reader-text\"> \u201cHandelsbetingelser\u201d<\/span><\/a><\/p>\n","protected":false},"author":1,"featured_media":0,"parent":0,"menu_order":0,"comment_status":"closed","ping_status":"closed","template":"","meta":{"footnotes":""},"class_list":["post-7002","page","type-page","status-publish","hentry"],"yoast_head":"<!-- This site is optimized with the Yoast SEO plugin v26.8 - https:\/\/yoast.com\/product\/yoast-seo-wordpress\/ -->\n<title>Handelsbetingelser - HandySupply<\/title>\n<meta name=\"robots\" content=\"noindex, follow, max-snippet:-1, max-image-preview:large, max-video-preview:-1\" \/>\n<meta property=\"og:locale\" content=\"da_DK\" \/>\n<meta property=\"og:type\" content=\"article\" \/>\n<meta property=\"og:title\" content=\"Handelsbetingelser - HandySupply\" \/>\n<meta property=\"og:description\" content=\"Du handler med: HandySupply I\/SCVR:&nbsp;45677109Tjelevej 29, 9240 NibeMail: kontakt@handysupply.dkTlf: +45&nbsp;51 91 91 33 Generelle betingelser for handel med os Det&nbsp;kr\u00e6ver et gyldigt dansk CVR-nr. at handle p\u00e5 handysupply.dk N\u00e5r man har afgivet en bestilling hos HandySupply, sender vi automatisk en e-mail med en ordrebekr\u00e6ftelse. K\u00f8ber bedes altid tjekke denne efter for eventuelle fejl eller mangler, &hellip; L\u00e6s mere \u201cHandelsbetingelser\u201d\" \/>\n<meta property=\"og:url\" content=\"https:\/\/handysupply.dk\/?page_id=7002\" \/>\n<meta property=\"og:site_name\" content=\"HandySupply\" \/>\n<meta property=\"article:modified_time\" content=\"2026-01-28T13:51:09+00:00\" \/>\n<meta name=\"twitter:card\" content=\"summary_large_image\" \/>\n<meta name=\"twitter:label1\" content=\"Estimeret l\u00e6setid\" \/>\n\t<meta name=\"twitter:data1\" content=\"2 minutter\" \/>\n<script type=\"application\/ld+json\" class=\"yoast-schema-graph\">{\"@context\":\"https:\/\/schema.org\",\"@graph\":[{\"@type\":\"WebPage\",\"@id\":\"https:\/\/handysupply.dk\/?page_id=7002\",\"url\":\"https:\/\/handysupply.dk\/?page_id=7002\",\"name\":\"Handelsbetingelser - HandySupply\",\"isPartOf\":{\"@id\":\"https:\/\/handysupply.dk\/#website\"},\"datePublished\":\"2026-01-28T13:47:47+00:00\",\"dateModified\":\"2026-01-28T13:51:09+00:00\",\"breadcrumb\":{\"@id\":\"https:\/\/handysupply.dk\/?page_id=7002#breadcrumb\"},\"inLanguage\":\"da-DK\",\"potentialAction\":[{\"@type\":\"ReadAction\",\"target\":[\"https:\/\/handysupply.dk\/?page_id=7002\"]}]},{\"@type\":\"BreadcrumbList\",\"@id\":\"https:\/\/handysupply.dk\/?page_id=7002#breadcrumb\",\"itemListElement\":[{\"@type\":\"ListItem\",\"position\":1,\"name\":\"Hjem\",\"item\":\"https:\/\/handysupply.dk\/\"},{\"@type\":\"ListItem\",\"position\":2,\"name\":\"Handelsbetingelser\"}]},{\"@type\":\"WebSite\",\"@id\":\"https:\/\/handysupply.dk\/#website\",\"url\":\"https:\/\/handysupply.dk\/\",\"name\":\"HandySupply\",\"description\":\"\",\"publisher\":{\"@id\":\"https:\/\/handysupply.dk\/#organization\"},\"potentialAction\":[{\"@type\":\"SearchAction\",\"target\":{\"@type\":\"EntryPoint\",\"urlTemplate\":\"https:\/\/handysupply.dk\/?s={search_term_string}\"},\"query-input\":{\"@type\":\"PropertyValueSpecification\",\"valueRequired\":true,\"valueName\":\"search_term_string\"}}],\"inLanguage\":\"da-DK\"},{\"@type\":\"Organization\",\"@id\":\"https:\/\/handysupply.dk\/#organization\",\"name\":\"HandySupply\",\"url\":\"https:\/\/handysupply.dk\/\",\"logo\":{\"@type\":\"ImageObject\",\"inLanguage\":\"da-DK\",\"@id\":\"https:\/\/handysupply.dk\/#\/schema\/logo\/image\/\",\"url\":\"https:\/\/handysupply.dk\/wp-content\/uploads\/2025\/11\/cropped-PHOTO-2025-11-19-19-46-09-3.jpg\",\"contentUrl\":\"https:\/\/handysupply.dk\/wp-content\/uploads\/2025\/11\/cropped-PHOTO-2025-11-19-19-46-09-3.jpg\",\"width\":1200,\"height\":400,\"caption\":\"HandySupply\"},\"image\":{\"@id\":\"https:\/\/handysupply.dk\/#\/schema\/logo\/image\/\"}}]}<\/script>\n<!-- \/ Yoast SEO plugin. -->","yoast_head_json":{"title":"Handelsbetingelser - HandySupply","robots":{"index":"noindex","follow":"follow","max-snippet":"max-snippet:-1","max-image-preview":"max-image-preview:large","max-video-preview":"max-video-preview:-1"},"og_locale":"da_DK","og_type":"article","og_title":"Handelsbetingelser - HandySupply","og_description":"Du handler med: HandySupply I\/SCVR:&nbsp;45677109Tjelevej 29, 9240 NibeMail: kontakt@handysupply.dkTlf: +45&nbsp;51 91 91 33 Generelle betingelser for handel med os Det&nbsp;kr\u00e6ver et gyldigt dansk CVR-nr. at handle p\u00e5 handysupply.dk N\u00e5r man har afgivet en bestilling hos HandySupply, sender vi automatisk en e-mail med en ordrebekr\u00e6ftelse. K\u00f8ber bedes altid tjekke denne efter for eventuelle fejl eller mangler, &hellip; L\u00e6s mere \u201cHandelsbetingelser\u201d","og_url":"https:\/\/handysupply.dk\/?page_id=7002","og_site_name":"HandySupply","article_modified_time":"2026-01-28T13:51:09+00:00","twitter_card":"summary_large_image","twitter_misc":{"Estimeret l\u00e6setid":"2 minutter"},"schema":{"@context":"https:\/\/schema.org","@graph":[{"@type":"WebPage","@id":"https:\/\/handysupply.dk\/?page_id=7002","url":"https:\/\/handysupply.dk\/?page_id=7002","name":"Handelsbetingelser - HandySupply","isPartOf":{"@id":"https:\/\/handysupply.dk\/#website"},"datePublished":"2026-01-28T13:47:47+00:00","dateModified":"2026-01-28T13:51:09+00:00","breadcrumb":{"@id":"https:\/\/handysupply.dk\/?page_id=7002#breadcrumb"},"inLanguage":"da-DK","potentialAction":[{"@type":"ReadAction","target":["https:\/\/handysupply.dk\/?page_id=7002"]}]},{"@type":"BreadcrumbList","@id":"https:\/\/handysupply.dk\/?page_id=7002#breadcrumb","itemListElement":[{"@type":"ListItem","position":1,"name":"Hjem","item":"https:\/\/handysupply.dk\/"},{"@type":"ListItem","position":2,"name":"Handelsbetingelser"}]},{"@type":"WebSite","@id":"https:\/\/handysupply.dk\/#website","url":"https:\/\/handysupply.dk\/","name":"HandySupply","description":"","publisher":{"@id":"https:\/\/handysupply.dk\/#organization"},"potentialAction":[{"@type":"SearchAction","target":{"@type":"EntryPoint","urlTemplate":"https:\/\/handysupply.dk\/?s={search_term_string}"},"query-input":{"@type":"PropertyValueSpecification","valueRequired":true,"valueName":"search_term_string"}}],"inLanguage":"da-DK"},{"@type":"Organization","@id":"https:\/\/handysupply.dk\/#organization","name":"HandySupply","url":"https:\/\/handysupply.dk\/","logo":{"@type":"ImageObject","inLanguage":"da-DK","@id":"https:\/\/handysupply.dk\/#\/schema\/logo\/image\/","url":"https:\/\/handysupply.dk\/wp-content\/uploads\/2025\/11\/cropped-PHOTO-2025-11-19-19-46-09-3.jpg","contentUrl":"https:\/\/handysupply.dk\/wp-content\/uploads\/2025\/11\/cropped-PHOTO-2025-11-19-19-46-09-3.jpg","width":1200,"height":400,"caption":"HandySupply"},"image":{"@id":"https:\/\/handysupply.dk\/#\/schema\/logo\/image\/"}}]}},"jetpack_sharing_enabled":true,"featured_media_urls":[],"_links":{"self":[{"href":"https:\/\/handysupply.dk\/index.php?rest_route=\/wp\/v2\/pages\/7002","targetHints":{"allow":["GET"]}}],"collection":[{"href":"https:\/\/handysupply.dk\/index.php?rest_route=\/wp\/v2\/pages"}],"about":[{"href":"https:\/\/handysupply.dk\/index.php?rest_route=\/wp\/v2\/types\/page"}],"author":[{"embeddable":true,"href":"https:\/\/handysupply.dk\/index.php?rest_route=\/wp\/v2\/users\/1"}],"replies":[{"embeddable":true,"href":"https:\/\/handysupply.dk\/index.php?rest_route=%2Fwp%2Fv2%2Fcomments&post=7002"}],"version-history":[{"count":3,"href":"https:\/\/handysupply.dk\/index.php?rest_route=\/wp\/v2\/pages\/7002\/revisions"}],"predecessor-version":[{"id":7025,"href":"https:\/\/handysupply.dk\/index.php?rest_route=\/wp\/v2\/pages\/7002\/revisions\/7025"}],"wp:attachment":[{"href":"https:\/\/handysupply.dk\/index.php?rest_route=%2Fwp%2Fv2%2Fmedia&parent=7002"}],"curies":[{"name":"wp","href":"https:\/\/api.w.org\/{rel}","templated":true}]}}